{"id":2363,"date":"2021-10-14T17:37:12","date_gmt":"2021-10-14T15:37:12","guid":{"rendered":"https:\/\/herboth-foto.de\/?page_id=2363"},"modified":"2021-12-25T01:54:51","modified_gmt":"2021-12-25T00:54:51","slug":"neckargemuend","status":"publish","type":"page","link":"https:\/\/herboth-foto.de\/?page_id=2363","title":{"rendered":"Neckargem\u00fcnd Kalender 2022"},"content":{"rendered":"<figure id=\"attachment_2372\" aria-describedby=\"caption-attachment-2372\" style=\"width: 2560px\" class=\"wp-caption alignnone\"><img fetchpriority=\"high\" decoding=\"async\" class=\"wp-image-2372 size-full\" src=\"https:\/\/herboth-foto.de\/wp-content\/uploads\/2021\/10\/01-IMG_6501_ZX-scaled.jpg\" alt=\"\" width=\"2560\" height=\"1707\" srcset=\"https:\/\/herboth-foto.de\/wp-content\/uploads\/2021\/10\/01-IMG_6501_ZX-scaled.jpg 2560w, https:\/\/herboth-foto.de\/wp-content\/uploads\/2021\/10\/01-IMG_6501_ZX-scaled-600x400.jpg 600w, https:\/\/herboth-foto.de\/wp-content\/uploads\/2021\/10\/01-IMG_6501_ZX-300x200.jpg 300w, https:\/\/herboth-foto.de\/wp-content\/uploads\/2021\/10\/01-IMG_6501_ZX-1024x683.jpg 1024w, https:\/\/herboth-foto.de\/wp-content\/uploads\/2021\/10\/01-IMG_6501_ZX-200x133.jpg 200w, https:\/\/herboth-foto.de\/wp-content\/uploads\/2021\/10\/01-IMG_6501_ZX-768x512.jpg 768w, https:\/\/herboth-foto.de\/wp-content\/uploads\/2021\/10\/01-IMG_6501_ZX-1536x1024.jpg 1536w, https:\/\/herboth-foto.de\/wp-content\/uploads\/2021\/10\/01-IMG_6501_ZX-2048x1365.jpg 2048w\" sizes=\"(max-width: 2560px) 100vw, 2560px\" \/><figcaption id=\"caption-attachment-2372\" class=\"wp-caption-text\">Blick auf M\u00fcckenloch mit dem Ortsteil Dilsberg im Hintergrund. Im Vordergrund rechts die evangelische Kirche M\u00fcckenloch.<\/figcaption><\/figure>\n<figure id=\"attachment_2373\" aria-describedby=\"caption-attachment-2373\" style=\"width: 2560px\" class=\"wp-caption alignnone\"><img decoding=\"async\" class=\"wp-image-2373 size-full\" src=\"https:\/\/herboth-foto.de\/wp-content\/uploads\/2021\/10\/02-IMG_9841_ZX_02-scaled.jpg\" alt=\"\" width=\"2560\" height=\"1706\" srcset=\"https:\/\/herboth-foto.de\/wp-content\/uploads\/2021\/10\/02-IMG_9841_ZX_02-scaled.jpg 2560w, https:\/\/herboth-foto.de\/wp-content\/uploads\/2021\/10\/02-IMG_9841_ZX_02-scaled-600x400.jpg 600w, https:\/\/herboth-foto.de\/wp-content\/uploads\/2021\/10\/02-IMG_9841_ZX_02-300x200.jpg 300w, https:\/\/herboth-foto.de\/wp-content\/uploads\/2021\/10\/02-IMG_9841_ZX_02-1024x683.jpg 1024w, https:\/\/herboth-foto.de\/wp-content\/uploads\/2021\/10\/02-IMG_9841_ZX_02-200x133.jpg 200w, https:\/\/herboth-foto.de\/wp-content\/uploads\/2021\/10\/02-IMG_9841_ZX_02-768x512.jpg 768w, https:\/\/herboth-foto.de\/wp-content\/uploads\/2021\/10\/02-IMG_9841_ZX_02-1536x1024.jpg 1536w, https:\/\/herboth-foto.de\/wp-content\/uploads\/2021\/10\/02-IMG_9841_ZX_02-2048x1365.jpg 2048w\" sizes=\"(max-width: 2560px) 100vw, 2560px\" \/><figcaption id=\"caption-attachment-2373\" class=\"wp-caption-text\">Abendstimmung mit Blick auf die Altstadt von Ufer in Kleingem\u00fcnd aus gesehen<\/figcaption><\/figure>\n<figure id=\"attachment_2374\" aria-describedby=\"caption-attachment-2374\" style=\"width: 2560px\" class=\"wp-caption alignnone\"><img decoding=\"async\" class=\"wp-image-2374 size-full\" src=\"https:\/\/herboth-foto.de\/wp-content\/uploads\/2021\/10\/03-IMG_6055_LM_AI_01_a_a-scaled.jpg\" alt=\"\" width=\"2560\" height=\"1707\" srcset=\"https:\/\/herboth-foto.de\/wp-content\/uploads\/2021\/10\/03-IMG_6055_LM_AI_01_a_a-scaled.jpg 2560w, https:\/\/herboth-foto.de\/wp-content\/uploads\/2021\/10\/03-IMG_6055_LM_AI_01_a_a-scaled-600x400.jpg 600w, https:\/\/herboth-foto.de\/wp-content\/uploads\/2021\/10\/03-IMG_6055_LM_AI_01_a_a-300x200.jpg 300w, https:\/\/herboth-foto.de\/wp-content\/uploads\/2021\/10\/03-IMG_6055_LM_AI_01_a_a-1024x683.jpg 1024w, https:\/\/herboth-foto.de\/wp-content\/uploads\/2021\/10\/03-IMG_6055_LM_AI_01_a_a-200x133.jpg 200w, https:\/\/herboth-foto.de\/wp-content\/uploads\/2021\/10\/03-IMG_6055_LM_AI_01_a_a-768x512.jpg 768w, https:\/\/herboth-foto.de\/wp-content\/uploads\/2021\/10\/03-IMG_6055_LM_AI_01_a_a-1536x1024.jpg 1536w, https:\/\/herboth-foto.de\/wp-content\/uploads\/2021\/10\/03-IMG_6055_LM_AI_01_a_a-2048x1365.jpg 2048w\" sizes=\"(max-width: 2560px) 100vw, 2560px\" \/><figcaption id=\"caption-attachment-2374\" class=\"wp-caption-text\">Blick vom Kleingem\u00fcnder Neckarufer bei Sonnenuntergang mit herrlichem &#8222;Farbschweif&#8220; und Spiegelung im Neckar<\/figcaption><\/figure>\n<figure id=\"attachment_2375\" aria-describedby=\"caption-attachment-2375\" style=\"width: 2560px\" class=\"wp-caption alignnone\"><img loading=\"lazy\" decoding=\"async\" class=\"wp-image-2375 size-full\" src=\"https:\/\/herboth-foto.de\/wp-content\/uploads\/2021\/10\/04-IMG_4742_LM_AI_SuK_Himmel-scaled.jpg\" alt=\"\" width=\"2560\" height=\"1707\" \/><figcaption id=\"caption-attachment-2375\" class=\"wp-caption-text\">Ortsteil Waldhilsbach mit Fr\u00fchjahrsbepflanzung im Vordergrund und Blick in den Kraichgau<\/figcaption><\/figure>\n<figure id=\"attachment_2376\" aria-describedby=\"caption-attachment-2376\" style=\"width: 2560px\" class=\"wp-caption alignnone\"><img loading=\"lazy\" decoding=\"async\" class=\"wp-image-2376 size-full\" src=\"https:\/\/herboth-foto.de\/wp-content\/uploads\/2021\/10\/05-IMG_6735-scaled.jpg\" alt=\"\" width=\"2560\" height=\"1707\" srcset=\"https:\/\/herboth-foto.de\/wp-content\/uploads\/2021\/10\/05-IMG_6735-scaled.jpg 2560w, https:\/\/herboth-foto.de\/wp-content\/uploads\/2021\/10\/05-IMG_6735-scaled-600x400.jpg 600w, https:\/\/herboth-foto.de\/wp-content\/uploads\/2021\/10\/05-IMG_6735-300x200.jpg 300w, https:\/\/herboth-foto.de\/wp-content\/uploads\/2021\/10\/05-IMG_6735-1024x683.jpg 1024w, https:\/\/herboth-foto.de\/wp-content\/uploads\/2021\/10\/05-IMG_6735-200x133.jpg 200w, https:\/\/herboth-foto.de\/wp-content\/uploads\/2021\/10\/05-IMG_6735-768x512.jpg 768w, https:\/\/herboth-foto.de\/wp-content\/uploads\/2021\/10\/05-IMG_6735-1536x1024.jpg 1536w, https:\/\/herboth-foto.de\/wp-content\/uploads\/2021\/10\/05-IMG_6735-2048x1365.jpg 2048w\" sizes=\"(max-width: 2560px) 100vw, 2560px\" \/><figcaption id=\"caption-attachment-2376\" class=\"wp-caption-text\">Das Elsenzufer zwischen Evianbr\u00fccke und M\u00fcndung der Elsenz in den Neckar<\/figcaption><\/figure>\n<figure id=\"attachment_2377\" aria-describedby=\"caption-attachment-2377\" style=\"width: 2560px\" class=\"wp-caption alignnone\"><img loading=\"lazy\" decoding=\"async\" class=\"wp-image-2377 size-full\" src=\"https:\/\/herboth-foto.de\/wp-content\/uploads\/2021\/10\/06-IMG_9119_W_a-scaled.jpg\" alt=\"\" width=\"2560\" height=\"1703\" srcset=\"https:\/\/herboth-foto.de\/wp-content\/uploads\/2021\/10\/06-IMG_9119_W_a-scaled.jpg 2560w, https:\/\/herboth-foto.de\/wp-content\/uploads\/2021\/10\/06-IMG_9119_W_a-scaled-600x399.jpg 600w, https:\/\/herboth-foto.de\/wp-content\/uploads\/2021\/10\/06-IMG_9119_W_a-300x200.jpg 300w, https:\/\/herboth-foto.de\/wp-content\/uploads\/2021\/10\/06-IMG_9119_W_a-1024x681.jpg 1024w, https:\/\/herboth-foto.de\/wp-content\/uploads\/2021\/10\/06-IMG_9119_W_a-200x133.jpg 200w, https:\/\/herboth-foto.de\/wp-content\/uploads\/2021\/10\/06-IMG_9119_W_a-768x511.jpg 768w, https:\/\/herboth-foto.de\/wp-content\/uploads\/2021\/10\/06-IMG_9119_W_a-1536x1022.jpg 1536w, https:\/\/herboth-foto.de\/wp-content\/uploads\/2021\/10\/06-IMG_9119_W_a-2048x1363.jpg 2048w\" sizes=\"(max-width: 2560px) 100vw, 2560px\" \/><figcaption id=\"caption-attachment-2377\" class=\"wp-caption-text\">Ein klarer Blick auf die Neckargem\u00fcnder Altstadt mit Spiegelung im Neckar<\/figcaption><\/figure>\n<figure id=\"attachment_2378\" aria-describedby=\"caption-attachment-2378\" style=\"width: 2560px\" class=\"wp-caption alignnone\"><img loading=\"lazy\" decoding=\"async\" class=\"wp-image-2378 size-full\" src=\"https:\/\/herboth-foto.de\/wp-content\/uploads\/2021\/10\/07-IMG_9453_LM_AI_01-scaled.jpg\" alt=\"\" width=\"2560\" height=\"1707\" \/><figcaption id=\"caption-attachment-2378\" class=\"wp-caption-text\">Blick auf die Neckargem\u00fcnder Altstadt. Im Vordergrund das Naturschutzgebiet auf Kleingem\u00fcnder Seite<\/figcaption><\/figure>\n<figure id=\"attachment_2379\" aria-describedby=\"caption-attachment-2379\" style=\"width: 2560px\" class=\"wp-caption alignnone\"><img loading=\"lazy\" decoding=\"async\" class=\"wp-image-2379 size-full\" src=\"https:\/\/herboth-foto.de\/wp-content\/uploads\/2021\/10\/08-IMG_5846_LM_AI_01-scaled.jpg\" alt=\"\" width=\"2560\" height=\"1707\" srcset=\"https:\/\/herboth-foto.de\/wp-content\/uploads\/2021\/10\/08-IMG_5846_LM_AI_01-scaled.jpg 2560w, https:\/\/herboth-foto.de\/wp-content\/uploads\/2021\/10\/08-IMG_5846_LM_AI_01-scaled-600x400.jpg 600w, https:\/\/herboth-foto.de\/wp-content\/uploads\/2021\/10\/08-IMG_5846_LM_AI_01-300x200.jpg 300w, https:\/\/herboth-foto.de\/wp-content\/uploads\/2021\/10\/08-IMG_5846_LM_AI_01-1024x683.jpg 1024w, https:\/\/herboth-foto.de\/wp-content\/uploads\/2021\/10\/08-IMG_5846_LM_AI_01-200x133.jpg 200w, https:\/\/herboth-foto.de\/wp-content\/uploads\/2021\/10\/08-IMG_5846_LM_AI_01-768x512.jpg 768w, https:\/\/herboth-foto.de\/wp-content\/uploads\/2021\/10\/08-IMG_5846_LM_AI_01-1536x1024.jpg 1536w, https:\/\/herboth-foto.de\/wp-content\/uploads\/2021\/10\/08-IMG_5846_LM_AI_01-2048x1365.jpg 2048w\" sizes=\"(max-width: 2560px) 100vw, 2560px\" \/><figcaption id=\"caption-attachment-2379\" class=\"wp-caption-text\">W\u00e4hrend der \u00dcberfahrt mit der F\u00e4hre und Blick auf den Ortsteil Neckarh\u00e4userhof<\/figcaption><\/figure>\n<figure id=\"attachment_2380\" aria-describedby=\"caption-attachment-2380\" style=\"width: 2560px\" class=\"wp-caption alignnone\"><img loading=\"lazy\" decoding=\"async\" class=\"wp-image-2380 size-full\" src=\"https:\/\/herboth-foto.de\/wp-content\/uploads\/2021\/10\/09-IMG_8603_TW_RJPG_ZX_W-scaled.jpg\" alt=\"\" width=\"2560\" height=\"1706\" srcset=\"https:\/\/herboth-foto.de\/wp-content\/uploads\/2021\/10\/09-IMG_8603_TW_RJPG_ZX_W-scaled.jpg 2560w, https:\/\/herboth-foto.de\/wp-content\/uploads\/2021\/10\/09-IMG_8603_TW_RJPG_ZX_W-scaled-600x400.jpg 600w, https:\/\/herboth-foto.de\/wp-content\/uploads\/2021\/10\/09-IMG_8603_TW_RJPG_ZX_W-300x200.jpg 300w, https:\/\/herboth-foto.de\/wp-content\/uploads\/2021\/10\/09-IMG_8603_TW_RJPG_ZX_W-1024x682.jpg 1024w, https:\/\/herboth-foto.de\/wp-content\/uploads\/2021\/10\/09-IMG_8603_TW_RJPG_ZX_W-200x133.jpg 200w, https:\/\/herboth-foto.de\/wp-content\/uploads\/2021\/10\/09-IMG_8603_TW_RJPG_ZX_W-768x512.jpg 768w, https:\/\/herboth-foto.de\/wp-content\/uploads\/2021\/10\/09-IMG_8603_TW_RJPG_ZX_W-1536x1024.jpg 1536w, https:\/\/herboth-foto.de\/wp-content\/uploads\/2021\/10\/09-IMG_8603_TW_RJPG_ZX_W-2048x1365.jpg 2048w\" sizes=\"(max-width: 2560px) 100vw, 2560px\" \/><figcaption id=\"caption-attachment-2380\" class=\"wp-caption-text\">Cafe M\u00fchle im alten Fachwerkhaus am Hanfmarkt in der Altstadt von Neckargem\u00fcnd<\/figcaption><\/figure>\n<figure id=\"attachment_2381\" aria-describedby=\"caption-attachment-2381\" style=\"width: 2560px\" class=\"wp-caption alignnone\"><img loading=\"lazy\" decoding=\"async\" class=\"wp-image-2381 size-full\" src=\"https:\/\/herboth-foto.de\/wp-content\/uploads\/2021\/10\/10-IMG_6469_LM_AI_01-scaled.jpg\" alt=\"\" width=\"2560\" height=\"1707\" srcset=\"https:\/\/herboth-foto.de\/wp-content\/uploads\/2021\/10\/10-IMG_6469_LM_AI_01-scaled.jpg 2560w, https:\/\/herboth-foto.de\/wp-content\/uploads\/2021\/10\/10-IMG_6469_LM_AI_01-scaled-600x400.jpg 600w, https:\/\/herboth-foto.de\/wp-content\/uploads\/2021\/10\/10-IMG_6469_LM_AI_01-300x200.jpg 300w, https:\/\/herboth-foto.de\/wp-content\/uploads\/2021\/10\/10-IMG_6469_LM_AI_01-1024x683.jpg 1024w, https:\/\/herboth-foto.de\/wp-content\/uploads\/2021\/10\/10-IMG_6469_LM_AI_01-200x133.jpg 200w, https:\/\/herboth-foto.de\/wp-content\/uploads\/2021\/10\/10-IMG_6469_LM_AI_01-768x512.jpg 768w, https:\/\/herboth-foto.de\/wp-content\/uploads\/2021\/10\/10-IMG_6469_LM_AI_01-1536x1024.jpg 1536w, https:\/\/herboth-foto.de\/wp-content\/uploads\/2021\/10\/10-IMG_6469_LM_AI_01-2048x1365.jpg 2048w\" sizes=\"(max-width: 2560px) 100vw, 2560px\" \/><figcaption id=\"caption-attachment-2381\" class=\"wp-caption-text\">herbstliche Abendstimmung mit Blick auf die Altstadt Neckargem\u00fcnd von der Eisenbahnbr\u00fccke<\/figcaption><\/figure>\n<figure id=\"attachment_2382\" aria-describedby=\"caption-attachment-2382\" style=\"width: 2560px\" class=\"wp-caption alignnone\"><img loading=\"lazy\" decoding=\"async\" class=\"wp-image-2382 size-full\" src=\"https:\/\/herboth-foto.de\/wp-content\/uploads\/2021\/10\/11-HDR_002_aff-scaled.jpg\" alt=\"\" width=\"2560\" height=\"1705\" srcset=\"https:\/\/herboth-foto.de\/wp-content\/uploads\/2021\/10\/11-HDR_002_aff-scaled.jpg 2560w, https:\/\/herboth-foto.de\/wp-content\/uploads\/2021\/10\/11-HDR_002_aff-scaled-600x400.jpg 600w, https:\/\/herboth-foto.de\/wp-content\/uploads\/2021\/10\/11-HDR_002_aff-300x200.jpg 300w, https:\/\/herboth-foto.de\/wp-content\/uploads\/2021\/10\/11-HDR_002_aff-1024x682.jpg 1024w, https:\/\/herboth-foto.de\/wp-content\/uploads\/2021\/10\/11-HDR_002_aff-200x133.jpg 200w, https:\/\/herboth-foto.de\/wp-content\/uploads\/2021\/10\/11-HDR_002_aff-768x511.jpg 768w, https:\/\/herboth-foto.de\/wp-content\/uploads\/2021\/10\/11-HDR_002_aff-1536x1023.jpg 1536w, https:\/\/herboth-foto.de\/wp-content\/uploads\/2021\/10\/11-HDR_002_aff-2048x1364.jpg 2048w\" sizes=\"(max-width: 2560px) 100vw, 2560px\" \/><figcaption id=\"caption-attachment-2382\" class=\"wp-caption-text\">Stadtteil Dilsberg mit Blick auf die Kirche St. Bartholom\u00e4us und das Kunstwerk &#8222;Rolling Rainbow&#8220; von Michael Bacht<\/figcaption><\/figure>\n<figure id=\"attachment_2383\" aria-describedby=\"caption-attachment-2383\" style=\"width: 2560px\" class=\"wp-caption alignnone\"><img loading=\"lazy\" decoding=\"async\" class=\"wp-image-2383 size-full\" src=\"https:\/\/herboth-foto.de\/wp-content\/uploads\/2021\/10\/12-IMG_2789_W_R-scaled.jpg\" alt=\"\" width=\"2560\" height=\"1707\" srcset=\"https:\/\/herboth-foto.de\/wp-content\/uploads\/2021\/10\/12-IMG_2789_W_R-scaled.jpg 2560w, https:\/\/herboth-foto.de\/wp-content\/uploads\/2021\/10\/12-IMG_2789_W_R-scaled-600x400.jpg 600w, https:\/\/herboth-foto.de\/wp-content\/uploads\/2021\/10\/12-IMG_2789_W_R-300x200.jpg 300w, https:\/\/herboth-foto.de\/wp-content\/uploads\/2021\/10\/12-IMG_2789_W_R-1024x683.jpg 1024w, https:\/\/herboth-foto.de\/wp-content\/uploads\/2021\/10\/12-IMG_2789_W_R-200x133.jpg 200w, https:\/\/herboth-foto.de\/wp-content\/uploads\/2021\/10\/12-IMG_2789_W_R-768x512.jpg 768w, https:\/\/herboth-foto.de\/wp-content\/uploads\/2021\/10\/12-IMG_2789_W_R-1536x1024.jpg 1536w, https:\/\/herboth-foto.de\/wp-content\/uploads\/2021\/10\/12-IMG_2789_W_R-2048x1365.jpg 2048w\" sizes=\"(max-width: 2560px) 100vw, 2560px\" \/><figcaption id=\"caption-attachment-2383\" class=\"wp-caption-text\">Blick in die Altstadtgasse &#8222;Hauptstra\u00dfe&#8220;. Im Hintergrund die St. Ulrichskirche<\/figcaption><\/figure>\n","protected":false},"excerpt":{"rendered":"","protected":false},"author":1,"featured_media":0,"parent":0,"menu_order":9,"comment_status":"closed","ping_status":"closed","template":"elementor_header_footer","meta":{"footnotes":""},"class_list":["post-2363","page","type-page","status-publish","hentry"],"_links":{"self":[{"href":"https:\/\/herboth-foto.de\/index.php?rest_route=\/wp\/v2\/pages\/2363","targetHints":{"allow":["GET"]}}],"collection":[{"href":"https:\/\/herboth-foto.de\/index.php?rest_route=\/wp\/v2\/pages"}],"about":[{"href":"https:\/\/herboth-foto.de\/index.php?rest_route=\/wp\/v2\/types\/page"}],"author":[{"embeddable":true,"href":"https:\/\/herboth-foto.de\/index.php?rest_route=\/wp\/v2\/users\/1"}],"replies":[{"embeddable":true,"href":"https:\/\/herboth-foto.de\/index.php?rest_route=%2Fwp%2Fv2%2Fcomments&post=2363"}],"version-history":[{"count":6,"href":"https:\/\/herboth-foto.de\/index.php?rest_route=\/wp\/v2\/pages\/2363\/revisions"}],"predecessor-version":[{"id":2504,"href":"https:\/\/herboth-foto.de\/index.php?rest_route=\/wp\/v2\/pages\/2363\/revisions\/2504"}],"wp:attachment":[{"href":"https:\/\/herboth-foto.de\/index.php?rest_route=%2Fwp%2Fv2%2Fmedia&parent=2363"}],"curies":[{"name":"wp","href":"https:\/\/api.w.org\/{rel}","templated":true}]}}