{"id":2561,"date":"2021-12-29T00:20:13","date_gmt":"2021-12-28T23:20:13","guid":{"rendered":"https:\/\/herboth-foto.de\/?page_id=2561"},"modified":"2021-12-29T00:26:59","modified_gmt":"2021-12-28T23:26:59","slug":"links","status":"publish","type":"page","link":"https:\/\/herboth-foto.de\/?page_id=2561","title":{"rendered":"Links"},"content":{"rendered":"<h3><span class=\"text\"><i>Das Gro\u00dfe Ried bei Schlettstatt (S\u00e9lestat) im Elsa\u00df &#8211; eine faszinierende Urlandschaft<br \/>\n<\/i><\/span><\/h3>\n<h4><span class=\"text\"><i>http:\/\/www.bund-rvso.de\/grosses-ried-elsass.html <\/i><\/span><\/h4>\n","protected":false},"excerpt":{"rendered":"<h3><i>Das Gro\u00dfe Ried bei Schlettstatt (S\u00e9lestat) im Elsa\u00df &#8211; eine faszinierende Urlandschaft <\/i><\/h3>\n<h4><i>http:\/\/www.bund-rvso.de\/grosses-ried-elsass.html <\/i><\/h4>\n","protected":false},"author":1,"featured_media":0,"parent":0,"menu_order":0,"comment_status":"closed","ping_status":"closed","template":"","meta":{"footnotes":""},"class_list":["post-2561","page","type-page","status-publish","hentry"],"_links":{"self":[{"href":"https:\/\/herboth-foto.de\/index.php?rest_route=\/wp\/v2\/pages\/2561","targetHints":{"allow":["GET"]}}],"collection":[{"href":"https:\/\/herboth-foto.de\/index.php?rest_route=\/wp\/v2\/pages"}],"about":[{"href":"https:\/\/herboth-foto.de\/index.php?rest_route=\/wp\/v2\/types\/page"}],"author":[{"embeddable":true,"href":"https:\/\/herboth-foto.de\/index.php?rest_route=\/wp\/v2\/users\/1"}],"replies":[{"embeddable":true,"href":"https:\/\/herboth-foto.de\/index.php?rest_route=%2Fwp%2Fv2%2Fcomments&post=2561"}],"version-history":[{"count":2,"href":"https:\/\/herboth-foto.de\/index.php?rest_route=\/wp\/v2\/pages\/2561\/revisions"}],"predecessor-version":[{"id":2564,"href":"https:\/\/herboth-foto.de\/index.php?rest_route=\/wp\/v2\/pages\/2561\/revisions\/2564"}],"wp:attachment":[{"href":"https:\/\/herboth-foto.de\/index.php?rest_route=%2Fwp%2Fv2%2Fmedia&parent=2561"}],"curies":[{"name":"wp","href":"https:\/\/api.w.org\/{rel}","templated":true}]}}