{"id":636,"date":"2021-04-15T15:48:40","date_gmt":"2021-04-15T13:48:40","guid":{"rendered":"http:\/\/herboth-foto.de\/?page_id=636"},"modified":"2021-10-04T01:10:14","modified_gmt":"2021-10-03T23:10:14","slug":"philosophie","status":"publish","type":"page","link":"https:\/\/herboth-foto.de\/?page_id=636","title":{"rendered":"Philosophie"},"content":{"rendered":"<p>&nbsp;<\/p>\n<h4>Fotos dieser Webseite spiegeln meine Begeisterung f\u00fcr Natur und Kultur wieder.<\/h4>\n<p>Es geht mir darum was ich allen Besuchern dieser Webseite auch empfehle. Das pers\u00f6nliche Erleben von Natur und Kultur steht f\u00fcr mich immer im Vordergrund. Zuerst achte ich auf meine Wahrnehmung und bin bereit mich \u00fcberraschen zu lassen von dem was mir begegnet.\u00a0 Es geht mir darum die Welt jedesmal neu zu sehen. Auch und gerade dann, wenn ich bekannte Pl\u00e4tze zum x-ten Mal aufsuche. Und tats\u00e4chlich ist es meine Erfahrung, dass da jedesmal ein neues Erleben geschieht. Etwas Unerwartetes dem ich mich \u00f6ffne, dem ich mich aussetze und \u00fcber das ich immer wieder staunen kann und staunen muss.<\/p>\n<p>Aus Neugier und Offenheit f\u00fcr die Sch\u00f6nheit und Einzigartigkeit des Moments, der Situation und des Geschehens entsteht mein Interesse eine fotografische Perspektive einzunehmen. Fotografieren in einer bestimmten Situation bedeutet genauer hinschauen, intensiver erfassen und tiefer Verstehen. Es ist dabei klar, dass ein Foto einen Ausschnitt von einer Gesamtsituation wiedergibt, die h\u00e4ufig so wie ich sie wahrgenommen habe, nicht vollst\u00e4ndig im Bild wiedergegeben werden kann. Und dennoch transportiert das Foto gerade wegen der ausschnitthaften Wiedergabe eine bestimmte, fokussierte Stimmung. Ein starker Verweis auf einen bestimmten Aspekt der Realit\u00e4t, betont, herausgestellt, in ein spezielles Licht getaucht, vom Kontext befreit oder den Kontext nur andeutend. Dies bedingt eine andere Art von Aufmerksamkeit, ein gesteigerter Moment der Verdichtung von Motiv, Umgebung, Stimmung, Farben und Formen. Ein Spiel mit Licht und der Resonanz aus unserem Innneren. Ein Moment des Verschleierns und Erhellens zugleich. Erkennen des Unbekannten, entdecken des Gew\u00f6hnlichen und des Besonderen, ein Schimmer von Magie, ein Moment des Seins.<\/p>\n<p>Nichts scheint jedoch so verg\u00e4nglich wie der Moment und das Foto das diesen Moment festhalten m\u00f6chte. Was auf einem Bild verbleibt existiert schon im n\u00e4chsten Moment so nicht mehr wie ich es gesehen, erlebt und wahrgenommen habe.<\/p>\n<p>Das Foto ist ein Zeugnis dieser Verg\u00e4nglichkeit, die all das umfasst was wir kennen, bzw. mit unseren Sinnen wahrnehmen k\u00f6nnen.<\/p>\n<p>Und dennoch bietet es mir Anlass mich weiter mit dem Erlebten zu besch\u00e4ftigen, es Revue passieren zu lassen und Details zu endecken die ich in dem Moment der realen Begegnung nicht wahrgenommen habe. Nicht selten ergeben sich aus einem Foto und der Erinnerung an die Situation, die Stimmung, das Licht und die Umst\u00e4nde in der es entstanden ist neue Impulse und neue Sichtweisen, neue Ideen und neue Herausforderungen.<\/p>\n<p>Fotografieren bedeutet f\u00fcr mich auch meine Umgebung besser kennen zu lernen und eine tiefere Verbindung zur Natur und ein besseres Verstehen unserer Kultur zu entwickeln.\u00a0 Dazu muss man nicht allzu weit reisen. Die heimische Umgebung bietet mehr als ausreichend \u00dcberraschendes das entdeckt werden will. Ca, 80 % der Fotos auf dieser Webseite stammen aus einem Umkreis von bis zu 50 km zu meinem Wohnort und bilden die Hauptthemen ab.<\/p>\n<p>Nat\u00fcrlich bietet sich Gelegenheit zum Fotografieren auf Reisen und beim Erkunden anderer L\u00e4nder und Kulturen. Auch hier steht f\u00fcr mich das Verst\u00e4ndnis dessen was mir begegnet im Vordergrund. Fotos sind mir dabei eine Unterst\u00fctzung, ein Medium dieses Verst\u00e4ndnis zu vertiefen.<\/p>\n<p>Aus all den genannten Gr\u00fcnden folge ich nur bedingt den von vielen anerkannten und vermeintlichen Regeln der Fotografie. Bilder ohne besonderen Fokus, scheinbar langweilige Szenen, Unsch\u00e4rfe, Motive die nur am Rand des Bildes erscheinen usw. offenbaren f\u00fcr mich dennoch oder gerade deswegen die Sch\u00f6nheit all dessen was es zu erleben gibt.<\/p>\n<h4>Ich w\u00fcnsche jedem Besucher und jeder Besucherin dieser Webseite sehr viel Freude!<\/h4>\n<p>Claus Herboth<img fetchpriority=\"high\" decoding=\"async\" class=\"alignnone size-full wp-image-561\" src=\"https:\/\/herboth-foto.de\/wp-content\/uploads\/2021\/01\/IMG_3876-scaled.jpg\" alt=\"\" width=\"2560\" height=\"1707\" \/><\/p>\n<p>&nbsp;<\/p>\n<p>&nbsp;<\/p>\n<p>&nbsp;<\/p>\n<p>&nbsp;<\/p>\n<p>&nbsp;<\/p>\n","protected":false},"excerpt":{"rendered":"<p>&nbsp;<\/p>\n<h4>Fotos dieser Webseite spiegeln meine Begeisterung f\u00fcr Natur und Kultur wieder.<\/h4>\n<p>Es geht mir darum was ich allen Besuchern dieser Webseite auch empfehle. Das pers\u00f6nliche Erleben von Natur und Kultur steht f\u00fcr mich immer im Vordergrund. Zuerst achte ich auf meine Wahrnehmung und bin bereit mich \u00fcberraschen zu lassen von dem was mir begegnet.\u00a0 Es geht mir darum die Welt jedesmal neu zu sehen. Auch und gerade dann, wenn ich bekannte Pl\u00e4tze zum x-ten Mal aufsuche. Und tats\u00e4chlich ist es meine Erfahrung, dass da jedesmal ein neues Erleben geschieht. Etwas Unerwartetes dem ich mich \u00f6ffne, dem ich mich aussetze und \u00fcber das ich immer wieder staunen kann und staunen muss.<\/p>\n<p>Aus Neugier und Offenheit f\u00fcr die Sch\u00f6nheit und Einzigartigkeit des Moments, der Situation und des Geschehens entsteht mein Interesse eine fotografische Perspektive einzunehmen. Fotografieren in einer bestimmten Situation bedeutet genauer hinschauen, intensiver erfassen und tiefer Verstehen. Es ist dabei klar, dass ein Foto einen Ausschnitt von einer Gesamtsituation wiedergibt,&hellip;<\/p>\n<div><a class=\"excerpt-more button\" href=\"https:\/\/herboth-foto.de\/?page_id=636\">Read more <span class=\"screen-reader-text\">Philosophie <\/span><span class=\"meta-nav\" aria-hidden=\"true\"> &rarr;<\/span><\/a><\/div>\n","protected":false},"author":1,"featured_media":0,"parent":0,"menu_order":7,"comment_status":"closed","ping_status":"closed","template":"elementor_header_footer","meta":{"footnotes":""},"class_list":["post-636","page","type-page","status-publish","hentry"],"_links":{"self":[{"href":"https:\/\/herboth-foto.de\/index.php?rest_route=\/wp\/v2\/pages\/636","targetHints":{"allow":["GET"]}}],"collection":[{"href":"https:\/\/herboth-foto.de\/index.php?rest_route=\/wp\/v2\/pages"}],"about":[{"href":"https:\/\/herboth-foto.de\/index.php?rest_route=\/wp\/v2\/types\/page"}],"author":[{"embeddable":true,"href":"https:\/\/herboth-foto.de\/index.php?rest_route=\/wp\/v2\/users\/1"}],"replies":[{"embeddable":true,"href":"https:\/\/herboth-foto.de\/index.php?rest_route=%2Fwp%2Fv2%2Fcomments&post=636"}],"version-history":[{"count":7,"href":"https:\/\/herboth-foto.de\/index.php?rest_route=\/wp\/v2\/pages\/636\/revisions"}],"predecessor-version":[{"id":2357,"href":"https:\/\/herboth-foto.de\/index.php?rest_route=\/wp\/v2\/pages\/636\/revisions\/2357"}],"wp:attachment":[{"href":"https:\/\/herboth-foto.de\/index.php?rest_route=%2Fwp%2Fv2%2Fmedia&parent=636"}],"curies":[{"name":"wp","href":"https:\/\/api.w.org\/{rel}","templated":true}]}}